{"id":2650,"date":"2012-06-12T16:04:33","date_gmt":"2012-06-12T14:04:33","guid":{"rendered":"https:\/\/www.leshivernales.be\/?page_id=2650"},"modified":"2026-02-26T08:55:59","modified_gmt":"2026-02-26T07:55:59","slug":"the-dancers","status":"publish","type":"page","link":"https:\/\/www.leshivernales.be\/en\/the-dancers\/","title":{"rendered":"The Dancers"},"content":{"rendered":"","protected":false},"excerpt":{"rendered":"<p> (&#8230;)<\/p>\n<p><a class=\"btn btn-hivernales-news\" href=\"https:\/\/www.leshivernales.be\/en\/the-dancers\/\">En savoir plus<\/a><\/p>\n","protected":false},"author":1,"featured_media":6037,"parent":0,"menu_order":2,"comment_status":"closed","ping_status":"closed","template":"","meta":{"_acf_changed":false,"footnotes":""},"class_list":["post-2650","page","type-page","status-publish","has-post-thumbnail","hentry"],"acf":[],"yoast_head":"<!-- This site is optimized with the Yoast SEO plugin v27.4 - https:\/\/yoast.com\/product\/yoast-seo-wordpress\/ -->\n<title>The Dancers - Les Hivernales de la Danse<\/title>\n<meta name=\"description\" content=\"\u00c9motions, excellence et moments suspendus sont quelques caract\u00e9ristiques des danseurs, avec des extraits du grand r\u00e9pertoire classique s\u2019entrem\u00ealant aux pi\u00e8ces contemporaines embl\u00e9matiques\" \/>\n<meta name=\"robots\" content=\"index, follow, max-snippet:-1, max-image-preview:large, max-video-preview:-1\" \/>\n<link rel=\"canonical\" href=\"https:\/\/www.leshivernales.be\/en\/the-dancers\/\" \/>\n<meta property=\"og:locale\" content=\"en_US\" \/>\n<meta property=\"og:type\" content=\"article\" \/>\n<meta property=\"og:title\" content=\"The Dancers - Les Hivernales de la Danse\" \/>\n<meta property=\"og:description\" content=\"\u00c9motions, excellence et moments suspendus sont quelques caract\u00e9ristiques des danseurs, avec des extraits du grand r\u00e9pertoire classique s\u2019entrem\u00ealant aux pi\u00e8ces contemporaines embl\u00e9matiques\" \/>\n<meta property=\"og:url\" content=\"https:\/\/www.leshivernales.be\/en\/the-dancers\/\" \/>\n<meta property=\"og:site_name\" content=\"Les Hivernales de la Danse\" \/>\n<meta property=\"article:publisher\" content=\"https:\/\/www.facebook.com\/leshivernalesdeladanse\/\" \/>\n<meta property=\"article:modified_time\" content=\"2026-02-26T07:55:59+00:00\" \/>\n<meta property=\"og:image\" content=\"https:\/\/www.leshivernales.be\/wp-content\/uploads\/2023\/10\/onglet-danseurs-scaled.jpg\" \/>\n\t<meta property=\"og:image:width\" content=\"1800\" \/>\n\t<meta property=\"og:image:height\" content=\"1200\" \/>\n\t<meta property=\"og:image:type\" content=\"image\/jpeg\" \/>\n<meta name=\"twitter:card\" content=\"summary_large_image\" \/>\n<script type=\"application\/ld+json\" class=\"yoast-schema-graph\">{\"@context\":\"https:\\\/\\\/schema.org\",\"@graph\":[{\"@type\":\"WebPage\",\"@id\":\"https:\\\/\\\/www.leshivernales.be\\\/en\\\/the-dancers\\\/\",\"url\":\"https:\\\/\\\/www.leshivernales.be\\\/en\\\/the-dancers\\\/\",\"name\":\"The Dancers - Les Hivernales de la Danse\",\"isPartOf\":{\"@id\":\"https:\\\/\\\/www.leshivernales.be\\\/en\\\/#website\"},\"primaryImageOfPage\":{\"@id\":\"https:\\\/\\\/www.leshivernales.be\\\/en\\\/the-dancers\\\/#primaryimage\"},\"image\":{\"@id\":\"https:\\\/\\\/www.leshivernales.be\\\/en\\\/the-dancers\\\/#primaryimage\"},\"thumbnailUrl\":\"https:\\\/\\\/www.leshivernales.be\\\/wp-content\\\/uploads\\\/2023\\\/10\\\/onglet-danseurs-scaled.jpg\",\"datePublished\":\"2012-06-12T14:04:33+00:00\",\"dateModified\":\"2026-02-26T07:55:59+00:00\",\"description\":\"\u00c9motions, excellence et moments suspendus sont quelques caract\u00e9ristiques des danseurs, avec des extraits du grand r\u00e9pertoire classique s\u2019entrem\u00ealant aux pi\u00e8ces contemporaines embl\u00e9matiques\",\"breadcrumb\":{\"@id\":\"https:\\\/\\\/www.leshivernales.be\\\/en\\\/the-dancers\\\/#breadcrumb\"},\"inLanguage\":\"en-US\",\"potentialAction\":[{\"@type\":\"ReadAction\",\"target\":[\"https:\\\/\\\/www.leshivernales.be\\\/en\\\/the-dancers\\\/\"]}]},{\"@type\":\"ImageObject\",\"inLanguage\":\"en-US\",\"@id\":\"https:\\\/\\\/www.leshivernales.be\\\/en\\\/the-dancers\\\/#primaryimage\",\"url\":\"https:\\\/\\\/www.leshivernales.be\\\/wp-content\\\/uploads\\\/2023\\\/10\\\/onglet-danseurs-scaled.jpg\",\"contentUrl\":\"https:\\\/\\\/www.leshivernales.be\\\/wp-content\\\/uploads\\\/2023\\\/10\\\/onglet-danseurs-scaled.jpg\",\"width\":1800,\"height\":1200},{\"@type\":\"BreadcrumbList\",\"@id\":\"https:\\\/\\\/www.leshivernales.be\\\/en\\\/the-dancers\\\/#breadcrumb\",\"itemListElement\":[{\"@type\":\"ListItem\",\"position\":1,\"name\":\"Home\",\"item\":\"https:\\\/\\\/www.leshivernales.be\\\/en\\\/\"},{\"@type\":\"ListItem\",\"position\":2,\"name\":\"The Dancers\"}]},{\"@type\":\"WebSite\",\"@id\":\"https:\\\/\\\/www.leshivernales.be\\\/en\\\/#website\",\"url\":\"https:\\\/\\\/www.leshivernales.be\\\/en\\\/\",\"name\":\"Les Hivernales de la Danse\",\"description\":\"\",\"potentialAction\":[{\"@type\":\"SearchAction\",\"target\":{\"@type\":\"EntryPoint\",\"urlTemplate\":\"https:\\\/\\\/www.leshivernales.be\\\/en\\\/?s={search_term_string}\"},\"query-input\":{\"@type\":\"PropertyValueSpecification\",\"valueRequired\":true,\"valueName\":\"search_term_string\"}}],\"inLanguage\":\"en-US\"}]}<\/script>\n<!-- \/ Yoast SEO plugin. -->","yoast_head_json":{"title":"The Dancers - Les Hivernales de la Danse","description":"\u00c9motions, excellence et moments suspendus sont quelques caract\u00e9ristiques des danseurs, avec des extraits du grand r\u00e9pertoire classique s\u2019entrem\u00ealant aux pi\u00e8ces contemporaines embl\u00e9matiques","robots":{"index":"index","follow":"follow","max-snippet":"max-snippet:-1","max-image-preview":"max-image-preview:large","max-video-preview":"max-video-preview:-1"},"canonical":"https:\/\/www.leshivernales.be\/en\/the-dancers\/","og_locale":"en_US","og_type":"article","og_title":"The Dancers - Les Hivernales de la Danse","og_description":"\u00c9motions, excellence et moments suspendus sont quelques caract\u00e9ristiques des danseurs, avec des extraits du grand r\u00e9pertoire classique s\u2019entrem\u00ealant aux pi\u00e8ces contemporaines embl\u00e9matiques","og_url":"https:\/\/www.leshivernales.be\/en\/the-dancers\/","og_site_name":"Les Hivernales de la Danse","article_publisher":"https:\/\/www.facebook.com\/leshivernalesdeladanse\/","article_modified_time":"2026-02-26T07:55:59+00:00","og_image":[{"width":1800,"height":1200,"url":"https:\/\/www.leshivernales.be\/wp-content\/uploads\/2023\/10\/onglet-danseurs-scaled.jpg","type":"image\/jpeg"}],"twitter_card":"summary_large_image","schema":{"@context":"https:\/\/schema.org","@graph":[{"@type":"WebPage","@id":"https:\/\/www.leshivernales.be\/en\/the-dancers\/","url":"https:\/\/www.leshivernales.be\/en\/the-dancers\/","name":"The Dancers - Les Hivernales de la Danse","isPartOf":{"@id":"https:\/\/www.leshivernales.be\/en\/#website"},"primaryImageOfPage":{"@id":"https:\/\/www.leshivernales.be\/en\/the-dancers\/#primaryimage"},"image":{"@id":"https:\/\/www.leshivernales.be\/en\/the-dancers\/#primaryimage"},"thumbnailUrl":"https:\/\/www.leshivernales.be\/wp-content\/uploads\/2023\/10\/onglet-danseurs-scaled.jpg","datePublished":"2012-06-12T14:04:33+00:00","dateModified":"2026-02-26T07:55:59+00:00","description":"\u00c9motions, excellence et moments suspendus sont quelques caract\u00e9ristiques des danseurs, avec des extraits du grand r\u00e9pertoire classique s\u2019entrem\u00ealant aux pi\u00e8ces contemporaines embl\u00e9matiques","breadcrumb":{"@id":"https:\/\/www.leshivernales.be\/en\/the-dancers\/#breadcrumb"},"inLanguage":"en-US","potentialAction":[{"@type":"ReadAction","target":["https:\/\/www.leshivernales.be\/en\/the-dancers\/"]}]},{"@type":"ImageObject","inLanguage":"en-US","@id":"https:\/\/www.leshivernales.be\/en\/the-dancers\/#primaryimage","url":"https:\/\/www.leshivernales.be\/wp-content\/uploads\/2023\/10\/onglet-danseurs-scaled.jpg","contentUrl":"https:\/\/www.leshivernales.be\/wp-content\/uploads\/2023\/10\/onglet-danseurs-scaled.jpg","width":1800,"height":1200},{"@type":"BreadcrumbList","@id":"https:\/\/www.leshivernales.be\/en\/the-dancers\/#breadcrumb","itemListElement":[{"@type":"ListItem","position":1,"name":"Home","item":"https:\/\/www.leshivernales.be\/en\/"},{"@type":"ListItem","position":2,"name":"The Dancers"}]},{"@type":"WebSite","@id":"https:\/\/www.leshivernales.be\/en\/#website","url":"https:\/\/www.leshivernales.be\/en\/","name":"Les Hivernales de la Danse","description":"","potentialAction":[{"@type":"SearchAction","target":{"@type":"EntryPoint","urlTemplate":"https:\/\/www.leshivernales.be\/en\/?s={search_term_string}"},"query-input":{"@type":"PropertyValueSpecification","valueRequired":true,"valueName":"search_term_string"}}],"inLanguage":"en-US"}]}},"_links":{"self":[{"href":"https:\/\/www.leshivernales.be\/en\/wp-json\/wp\/v2\/pages\/2650","targetHints":{"allow":["GET"]}}],"collection":[{"href":"https:\/\/www.leshivernales.be\/en\/wp-json\/wp\/v2\/pages"}],"about":[{"href":"https:\/\/www.leshivernales.be\/en\/wp-json\/wp\/v2\/types\/page"}],"author":[{"embeddable":true,"href":"https:\/\/www.leshivernales.be\/en\/wp-json\/wp\/v2\/users\/1"}],"replies":[{"embeddable":true,"href":"https:\/\/www.leshivernales.be\/en\/wp-json\/wp\/v2\/comments?post=2650"}],"version-history":[{"count":3,"href":"https:\/\/www.leshivernales.be\/en\/wp-json\/wp\/v2\/pages\/2650\/revisions"}],"predecessor-version":[{"id":9401,"href":"https:\/\/www.leshivernales.be\/en\/wp-json\/wp\/v2\/pages\/2650\/revisions\/9401"}],"wp:featuredmedia":[{"embeddable":true,"href":"https:\/\/www.leshivernales.be\/en\/wp-json\/wp\/v2\/media\/6037"}],"wp:attachment":[{"href":"https:\/\/www.leshivernales.be\/en\/wp-json\/wp\/v2\/media?parent=2650"}],"curies":[{"name":"wp","href":"https:\/\/api.w.org\/{rel}","templated":true}]}}